{"id":54,"date":"2021-03-08T17:06:35","date_gmt":"2021-03-08T16:06:35","guid":{"rendered":"https:\/\/barbadilloensingular.com\/en\/?page_id=54"},"modified":"2021-08-12T09:09:23","modified_gmt":"2021-08-12T07:09:23","slug":"en-singular","status":"publish","type":"page","link":"https:\/\/barbadilloensingular.com\/en\/en-singular\/","title":{"rendered":"IN SINGULAR"},"content":{"rendered":"<p>[et_pb_section fb_built=&#8221;1&#8243; _builder_version=&#8221;4.9.2&#8243; _module_preset=&#8221;default&#8221; max_width=&#8221;1920px&#8221; module_alignment=&#8221;center&#8221; global_colors_info=&#8221;{}&#8221;][et_pb_row column_structure=&#8221;1_2,1_2&#8243; make_equal=&#8221;on&#8221; _builder_version=&#8221;4.9.4&#8243; _module_preset=&#8221;default&#8221; width=&#8221;100%&#8221; max_width=&#8221;1920px&#8221; module_alignment=&#8221;center&#8221; custom_padding=&#8221;10%|8%||8%|false|true&#8221; custom_css_main_element=&#8221; align-items: center;&#8221; global_colors_info=&#8221;{}&#8221;][et_pb_column type=&#8221;1_2&#8243; _builder_version=&#8221;4.9.4&#8243; _module_preset=&#8221;default&#8221; custom_padding=&#8221;||||false|false&#8221; custom_css_main_element=&#8221;margin: auto;&#8221; global_colors_info=&#8221;{}&#8221; custom_css_main_element_last_edited=&#8221;on|tablet&#8221; custom_css_main_element_tablet=&#8221; &#8220;][et_pb_text module_id=&#8221;singular-texto1&#8243; _builder_version=&#8221;4.9.11&#8243; _module_preset=&#8221;default&#8221; text_font=&#8221;||||||||&#8221; header_font=&#8221;Calendas Plus||||||||&#8221; header_text_align=&#8221;left&#8221; header_font_size=&#8221;39px&#8221; header_line_height=&#8221;0.9em&#8221; header_2_font=&#8221;Calendas Plus||||||||&#8221; header_2_font_size=&#8221;40px&#8221; header_3_font=&#8221;Montserrat||||||||&#8221; module_alignment=&#8221;left&#8221; custom_margin=&#8221;||||false|false&#8221; custom_padding=&#8221;||||false|false&#8221; locked=&#8221;off&#8221; inline_fonts=&#8221;Montserrat,Calendas Plus Italic&#8221; global_colors_info=&#8221;{}&#8221;]<\/p>\n<h1 class=\"mediano\">BARBADILLO<br \/><span style=\"font-family: 'Calendas Plus Italic';\">IN SINGULAR<\/span><\/h1>\n<p>&nbsp;<\/p>\n<p>Barbadillo in Singular is a small part of Bodegas Barbadillo. For 200 years the winery has stood at the mouth of the Guadalquivir River, where its biological processes came into being with the first Manzanilla it produced in its cellars.<\/p>\n<p>Barbadillo is the result of people with accents from diverse places working together in an ancient and unchanging wine-making building<\/p>\n<p>It is awake to experimentation, to modernity, to the new and the daring. It may be a large winery. In fact, it is. But it also knows how to think small. And does so. It\u2019s only by thinking on a small scale that one sees in detail.<\/p>\n<p>[\/et_pb_text][\/et_pb_column][et_pb_column type=&#8221;1_2&#8243; _builder_version=&#8221;4.9.4&#8243; _module_preset=&#8221;default&#8221; custom_css_main_element=&#8221;\tmargin: auto;\t&#8221; global_colors_info=&#8221;{}&#8221; custom_css_main_element_last_edited=&#8221;on|tablet&#8221; custom_css_main_element_tablet=&#8221; &#8220;][et_pb_image src=&#8221;https:\/\/barbadilloensingular.com\/en\/wp-content\/uploads\/sites\/14\/2021\/04\/en-singular-1.jpg&#8221; title_text=&#8221;en-singular-1&#8243; align=&#8221;center&#8221; module_id=&#8221;singular-imagen1&#8243; _builder_version=&#8221;4.9.4&#8243; _module_preset=&#8221;default&#8221; max_width=&#8221;900px&#8221; module_alignment=&#8221;center&#8221; custom_padding=&#8221;|10px||10px|false|false&#8221; custom_css_main_element=&#8221;vertical-align: middle;\t||&#8221; global_colors_info=&#8221;{}&#8221;][\/et_pb_image][\/et_pb_column][\/et_pb_row][et_pb_row column_structure=&#8221;1_3,1_3,1_3&#8243; use_custom_gutter=&#8221;on&#8221; gutter_width=&#8221;1&#8243; make_equal=&#8221;on&#8221; _builder_version=&#8221;4.9.4&#8243; _module_preset=&#8221;default&#8221; width=&#8221;100%&#8221; max_width=&#8221;100%&#8221; module_alignment=&#8221;center&#8221; custom_padding=&#8221;10%|8%||8%|false|true&#8221; custom_css_main_element=&#8221; align-items: center !important;&#8221; global_colors_info=&#8221;{}&#8221;][et_pb_column type=&#8221;1_3&#8243; _builder_version=&#8221;4.9.4&#8243; _module_preset=&#8221;default&#8221; custom_css_main_element=&#8221;width:20% !important;||margin: auto !important;&#8221; global_colors_info=&#8221;{}&#8221; custom_css_main_element_last_edited=&#8221;on|tablet&#8221; custom_css_main_element_tablet=&#8221; &#8220;][et_pb_image src=&#8221;https:\/\/barbadilloensingular.com\/en\/wp-content\/uploads\/sites\/14\/2021\/04\/en-singular-2A.jpg&#8221; title_text=&#8221;en-singular-2A&#8221; align=&#8221;center&#8221; _builder_version=&#8221;4.9.4&#8243; _module_preset=&#8221;default&#8221; custom_padding=&#8221;||||false|false&#8221; global_colors_info=&#8221;{}&#8221;][\/et_pb_image][\/et_pb_column][et_pb_column type=&#8221;1_3&#8243; _builder_version=&#8221;4.9.4&#8243; _module_preset=&#8221;default&#8221; custom_padding=&#8221;|5%||5%|false|true&#8221; custom_css_main_element=&#8221;width:35% !important;||margin: auto;&#8221; global_colors_info=&#8221;{}&#8221; custom_css_main_element_last_edited=&#8221;on|tablet&#8221; custom_css_main_element_tablet=&#8221; &#8220;][et_pb_image src=&#8221;https:\/\/barbadilloensingular.com\/en\/wp-content\/uploads\/sites\/14\/2021\/04\/en-singular-2B.jpg&#8221; title_text=&#8221;en-singular-2B&#8221; align=&#8221;center&#8221; _builder_version=&#8221;4.9.4&#8243; _module_preset=&#8221;default&#8221; custom_padding_tablet=&#8221;20%||||false|false&#8221; custom_padding_phone=&#8221;&#8221; custom_padding_last_edited=&#8221;on|tablet&#8221; global_colors_info=&#8221;{}&#8221;][\/et_pb_image][\/et_pb_column][et_pb_column type=&#8221;1_3&#8243; _builder_version=&#8221;4.9.4&#8243; _module_preset=&#8221;default&#8221; custom_padding=&#8221;|4%||4%|false|true&#8221; custom_css_main_element=&#8221;width:40% !important;||margin: auto;&#8221; global_colors_info=&#8221;{}&#8221; custom_css_main_element_last_edited=&#8221;on|tablet&#8221; custom_css_main_element_tablet=&#8221; &#8220;][et_pb_text _builder_version=&#8221;4.9.7&#8243; _module_preset=&#8221;default&#8221; text_font=&#8221;Montserrat||||||||&#8221; text_font_size=&#8221;20px&#8221; text_letter_spacing=&#8221;1px&#8221; text_line_height=&#8221;1em&#8221; module_alignment=&#8221;center&#8221; custom_margin=&#8221;||||false|false&#8221; custom_padding=&#8221;||||false|true&#8221; custom_padding_tablet=&#8221;20%||||false|true&#8221; custom_padding_phone=&#8221;&#8221; custom_padding_last_edited=&#8221;on|tablet&#8221; global_colors_info=&#8221;{}&#8221;]<\/p>\n<p>THE DETAIL IS SINGULAR,<\/p>\n<p>[\/et_pb_text][et_pb_text _builder_version=&#8221;4.9.4&#8243; _module_preset=&#8221;default&#8221; text_font=&#8221;Calendas Plus||||||||&#8221; header_text_align=&#8221;left&#8221; header_line_height=&#8221;0.9em&#8221; header_2_font=&#8221;Calendas Plus||||||||&#8221; header_2_font_size=&#8221;40px&#8221; header_3_font=&#8221;Montserrat||||||||&#8221; custom_margin=&#8221;0px|0px|0px|0px|false|false&#8221; custom_padding=&#8221;0px|0px|0px|0px|false|false&#8221; locked=&#8221;off&#8221; inline_fonts=&#8221;Montserrat,Calendas Plus Italic&#8221; global_colors_info=&#8221;{}&#8221;]<\/p>\n<h2 style=\"text-align: left;\"><span style=\"font-family: 'Calendas Plus';\">WHITE FROM A BEAUTIFUL<\/span><br \/><span style=\"font-family: 'Calendas Plus Italic';\">VINEYARD<\/span><\/h2>\n<p>&nbsp;<\/p>\n<p>[\/et_pb_text][et_pb_text _builder_version=&#8221;4.9.4&#8243; _module_preset=&#8221;default&#8221; text_font=&#8221;Montserrat||||||||&#8221; text_text_color=&#8221;#000000&#8243; text_line_height=&#8221;1.4em&#8221; header_font=&#8221;Montserrat||||||||&#8221; module_alignment=&#8221;center&#8221; custom_margin=&#8221;0px|0px|0px|0px|false|false&#8221; custom_padding=&#8221;0px|0px|0px|0px|false|false&#8221; global_colors_info=&#8221;{}&#8221;]<\/p>\n<p>The detail is singular, a white wine from a specific beautiful vineyard, experimental biology, aged in the world of the criadera, a single cask exempt from the solera, ecology, anticipation, bottle aged. To be singular is to take on the responsibility of creating a permeable and shared meeting point.<\/p>\n<p>Sanl\u00facar de Barrameda, in the Marco de Jerez, today as always, is a place of creativity.<\/p>\n<p>The company shoulders its position with determination, investing in ideas that, interesting in themselves, will one day grow beyond the simple longing they represent today.<\/p>\n<p>[\/et_pb_text][\/et_pb_column][\/et_pb_row][et_pb_row column_structure=&#8221;2_5,3_5&#8243; use_custom_gutter=&#8221;on&#8221; gutter_width=&#8221;1&#8243; make_equal=&#8221;on&#8221; _builder_version=&#8221;4.9.4&#8243; _module_preset=&#8221;default&#8221; width=&#8221;95%&#8221; max_width=&#8221;1900px&#8221; module_alignment=&#8221;center&#8221; custom_padding=&#8221;10%|8%||8%|false|true&#8221; custom_css_main_element=&#8221; align-items: center !important;&#8221; global_colors_info=&#8221;{}&#8221;][et_pb_column type=&#8221;2_5&#8243; _builder_version=&#8221;4.9.4&#8243; _module_preset=&#8221;default&#8221; custom_css_main_element=&#8221;width:40% !important;||margin: auto;&#8221; global_colors_info=&#8221;{}&#8221; custom_css_main_element_last_edited=&#8221;on|tablet&#8221; custom_css_main_element_tablet=&#8221; &#8220;][et_pb_text _builder_version=&#8221;4.9.4&#8243; _module_preset=&#8221;default&#8221; text_font=&#8221;Montserrat||||||||&#8221; text_text_color=&#8221;#000000&#8243; text_line_height=&#8221;1.4em&#8221; text_orientation=&#8221;center&#8221; module_alignment=&#8221;center&#8221; custom_padding=&#8221;|25%||25%|false|true&#8221; global_colors_info=&#8221;{}&#8221;]<\/p>\n<p>It is that expression of longing that is here before you in this space that you are now visiting.<\/p>\n<p>[\/et_pb_text][et_pb_text _builder_version=&#8221;4.9.4&#8243; _module_preset=&#8221;default&#8221; text_font=&#8221;Montserrat||||||||&#8221; text_font_size=&#8221;20px&#8221; text_letter_spacing=&#8221;1px&#8221; text_line_height=&#8221;1em&#8221; text_orientation=&#8221;center&#8221; module_alignment=&#8221;center&#8221; custom_margin=&#8221;||||false|false&#8221; custom_padding=&#8221;10%|25%||25%|false|true&#8221; global_colors_info=&#8221;{}&#8221;]<\/p>\n<p>This is your home!<br \/>Make yourself comfortable.<\/p>\n<p>[\/et_pb_text][et_pb_text _builder_version=&#8221;4.9.4&#8243; _module_preset=&#8221;default&#8221; text_font=&#8221;calendas||||||||&#8221; text_font_size=&#8221;40px&#8221; header_2_font=&#8221;Calendas Plus||||||||&#8221; header_2_font_size=&#8221;40px&#8221; text_orientation=&#8221;center&#8221; module_alignment=&#8221;center&#8221; custom_padding=&#8221;10%||||false|false&#8221; global_colors_info=&#8221;{}&#8221;]<\/p>\n<h2>AND BREATHE\u2026<\/h2>\n<p>[\/et_pb_text][\/et_pb_column][et_pb_column type=&#8221;3_5&#8243; _builder_version=&#8221;4.9.4&#8243; _module_preset=&#8221;default&#8221; custom_css_main_element=&#8221;width:60% !important;\t||margin: auto;&#8221; global_colors_info=&#8221;{}&#8221; custom_css_main_element_last_edited=&#8221;on|tablet&#8221; custom_css_main_element_tablet=&#8221; &#8220;][et_pb_image src=&#8221;https:\/\/barbadilloensingular.com\/en\/wp-content\/uploads\/sites\/14\/2021\/04\/en-singular-3.jpg&#8221; title_text=&#8221;en-singular-3&#8243; _builder_version=&#8221;4.9.4&#8243; _module_preset=&#8221;default&#8221; width=&#8221;70%&#8221; module_alignment=&#8221;left&#8221; custom_padding_tablet=&#8221;20%||||false|false&#8221; custom_padding_phone=&#8221;&#8221; custom_padding_last_edited=&#8221;on|tablet&#8221; global_colors_info=&#8221;{}&#8221;][\/et_pb_image][\/et_pb_column][\/et_pb_row][\/et_pb_section]<\/p>\n","protected":false},"excerpt":{"rendered":"<p>Barbadillo en Singular es una peque\u00f1a parte de Bodegas Barbadillo. Son 200 a\u00f1os al pie de la desembocadura del Guadalquivir, donde naci\u00f3 la biol\u00f3gica hace casi tanto tiempo como la primera Manzanilla de la Casa.<\/p>\n","protected":false},"author":1,"featured_media":1538,"parent":0,"menu_order":0,"comment_status":"closed","ping_status":"closed","template":"","meta":{"_et_pb_use_builder":"on","_et_pb_old_content":"","_et_gb_content_width":"","footnotes":""},"class_list":["post-54","page","type-page","status-publish","has-post-thumbnail","hentry"],"yoast_head":"<!-- This site is optimized with the Yoast SEO plugin v27.3 - https:\/\/yoast.com\/product\/yoast-seo-wordpress\/ -->\n<title>IN SINGULAR<\/title>\n<meta name=\"description\" content=\"Barbadillo en Singular es una peque\u00f1a parte de Bodegas Barbadillo. Son 200 a\u00f1os al pie de la desembocadura del Guadalquivir, donde naci\u00f3 la biol\u00f3gica hace casi tanto tiempo como la primera Manzanilla de la Casa.\" \/>\n<meta name=\"robots\" content=\"index, follow, max-snippet:-1, max-image-preview:large, max-video-preview:-1\" \/>\n<link rel=\"canonical\" href=\"https:\/\/barbadilloensingular.com\/en\/en-singular\/\" \/>\n<meta property=\"og:locale\" content=\"en_GB\" \/>\n<meta property=\"og:type\" content=\"article\" \/>\n<meta property=\"og:title\" content=\"IN SINGULAR\" \/>\n<meta property=\"og:description\" content=\"Barbadillo en Singular es una peque\u00f1a parte de Bodegas Barbadillo. Son 200 a\u00f1os al pie de la desembocadura del Guadalquivir, donde naci\u00f3 la biol\u00f3gica hace casi tanto tiempo como la primera Manzanilla de la Casa.\" \/>\n<meta property=\"og:url\" content=\"https:\/\/barbadilloensingular.com\/en\/en-singular\/\" \/>\n<meta property=\"og:site_name\" content=\"Barbadillo in singular\" \/>\n<meta property=\"article:modified_time\" content=\"2021-08-12T07:09:23+00:00\" \/>\n<meta property=\"og:image\" content=\"https:\/\/barbadilloensingular.com\/en\/wp-content\/uploads\/sites\/14\/2021\/04\/en-singular-3.jpg\" \/>\n\t<meta property=\"og:image:width\" content=\"864\" \/>\n\t<meta property=\"og:image:height\" content=\"577\" \/>\n\t<meta property=\"og:image:type\" content=\"image\/jpeg\" \/>\n<meta name=\"twitter:card\" content=\"summary_large_image\" \/>\n<meta name=\"twitter:label1\" content=\"Estimated reading time\" \/>\n\t<meta name=\"twitter:data1\" content=\"3 minutes\" \/>\n<script type=\"application\/ld+json\" class=\"yoast-schema-graph\">{\"@context\":\"https:\\\/\\\/schema.org\",\"@graph\":[{\"@type\":\"WebPage\",\"@id\":\"https:\\\/\\\/barbadilloensingular.com\\\/en\\\/en-singular\\\/\",\"url\":\"https:\\\/\\\/barbadilloensingular.com\\\/en\\\/en-singular\\\/\",\"name\":\"IN SINGULAR\",\"isPartOf\":{\"@id\":\"https:\\\/\\\/barbadilloensingular.com\\\/en\\\/#website\"},\"primaryImageOfPage\":{\"@id\":\"https:\\\/\\\/barbadilloensingular.com\\\/en\\\/en-singular\\\/#primaryimage\"},\"image\":{\"@id\":\"https:\\\/\\\/barbadilloensingular.com\\\/en\\\/en-singular\\\/#primaryimage\"},\"thumbnailUrl\":\"https:\\\/\\\/barbadilloensingular.com\\\/en\\\/wp-content\\\/uploads\\\/sites\\\/14\\\/2021\\\/04\\\/en-singular-3.jpg\",\"datePublished\":\"2021-03-08T16:06:35+00:00\",\"dateModified\":\"2021-08-12T07:09:23+00:00\",\"description\":\"Barbadillo en Singular es una peque\u00f1a parte de Bodegas Barbadillo. Son 200 a\u00f1os al pie de la desembocadura del Guadalquivir, donde naci\u00f3 la biol\u00f3gica hace casi tanto tiempo como la primera Manzanilla de la Casa.\",\"breadcrumb\":{\"@id\":\"https:\\\/\\\/barbadilloensingular.com\\\/en\\\/en-singular\\\/#breadcrumb\"},\"inLanguage\":\"en-GB\",\"potentialAction\":[{\"@type\":\"ReadAction\",\"target\":[\"https:\\\/\\\/barbadilloensingular.com\\\/en\\\/en-singular\\\/\"]}]},{\"@type\":\"ImageObject\",\"inLanguage\":\"en-GB\",\"@id\":\"https:\\\/\\\/barbadilloensingular.com\\\/en\\\/en-singular\\\/#primaryimage\",\"url\":\"https:\\\/\\\/barbadilloensingular.com\\\/en\\\/wp-content\\\/uploads\\\/sites\\\/14\\\/2021\\\/04\\\/en-singular-3.jpg\",\"contentUrl\":\"https:\\\/\\\/barbadilloensingular.com\\\/en\\\/wp-content\\\/uploads\\\/sites\\\/14\\\/2021\\\/04\\\/en-singular-3.jpg\",\"width\":864,\"height\":577},{\"@type\":\"BreadcrumbList\",\"@id\":\"https:\\\/\\\/barbadilloensingular.com\\\/en\\\/en-singular\\\/#breadcrumb\",\"itemListElement\":[{\"@type\":\"ListItem\",\"position\":1,\"name\":\"Portada\",\"item\":\"https:\\\/\\\/barbadilloensingular.com\\\/en\\\/\"},{\"@type\":\"ListItem\",\"position\":2,\"name\":\"IN SINGULAR\"}]},{\"@type\":\"WebSite\",\"@id\":\"https:\\\/\\\/barbadilloensingular.com\\\/en\\\/#website\",\"url\":\"https:\\\/\\\/barbadilloensingular.com\\\/en\\\/\",\"name\":\"Barbadillo en singular\",\"description\":\"\",\"publisher\":{\"@id\":\"https:\\\/\\\/barbadilloensingular.com\\\/en\\\/#organization\"},\"potentialAction\":[{\"@type\":\"SearchAction\",\"target\":{\"@type\":\"EntryPoint\",\"urlTemplate\":\"https:\\\/\\\/barbadilloensingular.com\\\/en\\\/?s={search_term_string}\"},\"query-input\":{\"@type\":\"PropertyValueSpecification\",\"valueRequired\":true,\"valueName\":\"search_term_string\"}}],\"inLanguage\":\"en-GB\"},{\"@type\":\"Organization\",\"@id\":\"https:\\\/\\\/barbadilloensingular.com\\\/en\\\/#organization\",\"name\":\"Bodegas Barbadillo SL\",\"url\":\"https:\\\/\\\/barbadilloensingular.com\\\/en\\\/\",\"logo\":{\"@type\":\"ImageObject\",\"inLanguage\":\"en-GB\",\"@id\":\"https:\\\/\\\/barbadilloensingular.com\\\/en\\\/#\\\/schema\\\/logo\\\/image\\\/\",\"url\":\"https:\\\/\\\/barbadilloensingular.com\\\/en\\\/wp-content\\\/uploads\\\/sites\\\/14\\\/2021\\\/04\\\/BARBADILLO_EN_SINGULAR_grisoscuro.jpg\",\"contentUrl\":\"https:\\\/\\\/barbadilloensingular.com\\\/en\\\/wp-content\\\/uploads\\\/sites\\\/14\\\/2021\\\/04\\\/BARBADILLO_EN_SINGULAR_grisoscuro.jpg\",\"width\":193,\"height\":140,\"caption\":\"Bodegas Barbadillo SL\"},\"image\":{\"@id\":\"https:\\\/\\\/barbadilloensingular.com\\\/en\\\/#\\\/schema\\\/logo\\\/image\\\/\"},\"sameAs\":[\"https:\\\/\\\/www.instagram.com\\\/barbadilloensingular\\\/\"]}]}<\/script>\n<!-- \/ Yoast SEO plugin. -->","yoast_head_json":{"title":"IN SINGULAR","description":"Barbadillo en Singular es una peque\u00f1a parte de Bodegas Barbadillo. Son 200 a\u00f1os al pie de la desembocadura del Guadalquivir, donde naci\u00f3 la biol\u00f3gica hace casi tanto tiempo como la primera Manzanilla de la Casa.","robots":{"index":"index","follow":"follow","max-snippet":"max-snippet:-1","max-image-preview":"max-image-preview:large","max-video-preview":"max-video-preview:-1"},"canonical":"https:\/\/barbadilloensingular.com\/en\/en-singular\/","og_locale":"en_GB","og_type":"article","og_title":"IN SINGULAR","og_description":"Barbadillo en Singular es una peque\u00f1a parte de Bodegas Barbadillo. Son 200 a\u00f1os al pie de la desembocadura del Guadalquivir, donde naci\u00f3 la biol\u00f3gica hace casi tanto tiempo como la primera Manzanilla de la Casa.","og_url":"https:\/\/barbadilloensingular.com\/en\/en-singular\/","og_site_name":"Barbadillo in singular","article_modified_time":"2021-08-12T07:09:23+00:00","og_image":[{"width":864,"height":577,"url":"https:\/\/barbadilloensingular.com\/en\/wp-content\/uploads\/sites\/14\/2021\/04\/en-singular-3.jpg","type":"image\/jpeg"}],"twitter_card":"summary_large_image","twitter_misc":{"Estimated reading time":"3 minutes"},"schema":{"@context":"https:\/\/schema.org","@graph":[{"@type":"WebPage","@id":"https:\/\/barbadilloensingular.com\/en\/en-singular\/","url":"https:\/\/barbadilloensingular.com\/en\/en-singular\/","name":"IN SINGULAR","isPartOf":{"@id":"https:\/\/barbadilloensingular.com\/en\/#website"},"primaryImageOfPage":{"@id":"https:\/\/barbadilloensingular.com\/en\/en-singular\/#primaryimage"},"image":{"@id":"https:\/\/barbadilloensingular.com\/en\/en-singular\/#primaryimage"},"thumbnailUrl":"https:\/\/barbadilloensingular.com\/en\/wp-content\/uploads\/sites\/14\/2021\/04\/en-singular-3.jpg","datePublished":"2021-03-08T16:06:35+00:00","dateModified":"2021-08-12T07:09:23+00:00","description":"Barbadillo en Singular es una peque\u00f1a parte de Bodegas Barbadillo. Son 200 a\u00f1os al pie de la desembocadura del Guadalquivir, donde naci\u00f3 la biol\u00f3gica hace casi tanto tiempo como la primera Manzanilla de la Casa.","breadcrumb":{"@id":"https:\/\/barbadilloensingular.com\/en\/en-singular\/#breadcrumb"},"inLanguage":"en-GB","potentialAction":[{"@type":"ReadAction","target":["https:\/\/barbadilloensingular.com\/en\/en-singular\/"]}]},{"@type":"ImageObject","inLanguage":"en-GB","@id":"https:\/\/barbadilloensingular.com\/en\/en-singular\/#primaryimage","url":"https:\/\/barbadilloensingular.com\/en\/wp-content\/uploads\/sites\/14\/2021\/04\/en-singular-3.jpg","contentUrl":"https:\/\/barbadilloensingular.com\/en\/wp-content\/uploads\/sites\/14\/2021\/04\/en-singular-3.jpg","width":864,"height":577},{"@type":"BreadcrumbList","@id":"https:\/\/barbadilloensingular.com\/en\/en-singular\/#breadcrumb","itemListElement":[{"@type":"ListItem","position":1,"name":"Portada","item":"https:\/\/barbadilloensingular.com\/en\/"},{"@type":"ListItem","position":2,"name":"IN SINGULAR"}]},{"@type":"WebSite","@id":"https:\/\/barbadilloensingular.com\/en\/#website","url":"https:\/\/barbadilloensingular.com\/en\/","name":"Barbadillo en singular","description":"","publisher":{"@id":"https:\/\/barbadilloensingular.com\/en\/#organization"},"potentialAction":[{"@type":"SearchAction","target":{"@type":"EntryPoint","urlTemplate":"https:\/\/barbadilloensingular.com\/en\/?s={search_term_string}"},"query-input":{"@type":"PropertyValueSpecification","valueRequired":true,"valueName":"search_term_string"}}],"inLanguage":"en-GB"},{"@type":"Organization","@id":"https:\/\/barbadilloensingular.com\/en\/#organization","name":"Bodegas Barbadillo SL","url":"https:\/\/barbadilloensingular.com\/en\/","logo":{"@type":"ImageObject","inLanguage":"en-GB","@id":"https:\/\/barbadilloensingular.com\/en\/#\/schema\/logo\/image\/","url":"https:\/\/barbadilloensingular.com\/en\/wp-content\/uploads\/sites\/14\/2021\/04\/BARBADILLO_EN_SINGULAR_grisoscuro.jpg","contentUrl":"https:\/\/barbadilloensingular.com\/en\/wp-content\/uploads\/sites\/14\/2021\/04\/BARBADILLO_EN_SINGULAR_grisoscuro.jpg","width":193,"height":140,"caption":"Bodegas Barbadillo SL"},"image":{"@id":"https:\/\/barbadilloensingular.com\/en\/#\/schema\/logo\/image\/"},"sameAs":["https:\/\/www.instagram.com\/barbadilloensingular\/"]}]}},"_links":{"self":[{"href":"https:\/\/barbadilloensingular.com\/en\/wp-json\/wp\/v2\/pages\/54","targetHints":{"allow":["GET"]}}],"collection":[{"href":"https:\/\/barbadilloensingular.com\/en\/wp-json\/wp\/v2\/pages"}],"about":[{"href":"https:\/\/barbadilloensingular.com\/en\/wp-json\/wp\/v2\/types\/page"}],"author":[{"embeddable":true,"href":"https:\/\/barbadilloensingular.com\/en\/wp-json\/wp\/v2\/users\/1"}],"replies":[{"embeddable":true,"href":"https:\/\/barbadilloensingular.com\/en\/wp-json\/wp\/v2\/comments?post=54"}],"version-history":[{"count":40,"href":"https:\/\/barbadilloensingular.com\/en\/wp-json\/wp\/v2\/pages\/54\/revisions"}],"predecessor-version":[{"id":2755,"href":"https:\/\/barbadilloensingular.com\/en\/wp-json\/wp\/v2\/pages\/54\/revisions\/2755"}],"wp:featuredmedia":[{"embeddable":true,"href":"https:\/\/barbadilloensingular.com\/en\/wp-json\/wp\/v2\/media\/1538"}],"wp:attachment":[{"href":"https:\/\/barbadilloensingular.com\/en\/wp-json\/wp\/v2\/media?parent=54"}],"curies":[{"name":"wp","href":"https:\/\/api.w.org\/{rel}","templated":true}]}}