{"id":3203,"date":"2023-08-18T12:06:58","date_gmt":"2023-08-18T10:06:58","guid":{"rendered":"https:\/\/barbadilloensingular.com\/en\/?page_id=3203"},"modified":"2023-08-18T12:06:58","modified_gmt":"2023-08-18T10:06:58","slug":"people","status":"publish","type":"page","link":"https:\/\/barbadilloensingular.com\/en\/bond-barbadillo\/people\/","title":{"rendered":"People: Living Landscapes"},"content":{"rendered":"<p>[et_pb_section fb_built=&#8221;1&#8243; custom_padding_last_edited=&#8221;on|desktop&#8221; _builder_version=&#8221;4.16&#8243; _module_preset=&#8221;default&#8221; custom_padding=&#8221;|8%||8%|false|true&#8221; custom_padding_tablet=&#8221;&#8221; custom_padding_phone=&#8221;|4%||4%|false|true&#8221; da_disable_devices=&#8221;off|off|off&#8221; global_colors_info=&#8221;{}&#8221; locked=&#8221;off&#8221; da_is_popup=&#8221;off&#8221; da_exit_intent=&#8221;off&#8221; da_has_close=&#8221;on&#8221; da_alt_close=&#8221;off&#8221; da_dark_close=&#8221;off&#8221; da_not_modal=&#8221;on&#8221; da_is_singular=&#8221;off&#8221; da_with_loader=&#8221;off&#8221; da_has_shadow=&#8221;on&#8221;][et_pb_row column_structure=&#8221;1_3,1_3,1_3&#8243; use_custom_gutter=&#8221;on&#8221; gutter_width=&#8221;1&#8243; make_equal=&#8221;on&#8221; _builder_version=&#8221;4.16&#8243; _module_preset=&#8221;default&#8221; width=&#8221;100%&#8221; max_width=&#8221;100%&#8221; module_alignment=&#8221;center&#8221; custom_padding=&#8221;15%||||false|false&#8221; global_colors_info=&#8221;{}&#8221;][et_pb_column type=&#8221;1_3&#8243; _builder_version=&#8221;4.16&#8243; _module_preset=&#8221;default&#8221; custom_css_main_element=&#8221;width:25% !important;&#8221; global_colors_info=&#8221;{}&#8221; custom_css_main_element_last_edited=&#8221;on|phone&#8221; custom_css_main_element_tablet=&#8221; &#8221; custom_css_main_element_phone=&#8221; &#8220;][\/et_pb_column][et_pb_column type=&#8221;1_3&#8243; _builder_version=&#8221;4.16&#8243; _module_preset=&#8221;default&#8221; custom_css_main_element=&#8221;width:50% !important;&#8221; global_colors_info=&#8221;{}&#8221; custom_css_main_element_last_edited=&#8221;on|phone&#8221; custom_css_main_element_tablet=&#8221; width:100% !important;&#8221; custom_css_main_element_phone=&#8221; width:100% !important;&#8221;][et_pb_text _builder_version=&#8221;4.16&#8243; _module_preset=&#8221;default&#8221; header_font=&#8221;Calendas Plus||||||||&#8221; header_font_size=&#8221;60px&#8221; module_alignment=&#8221;center&#8221; custom_padding=&#8221;2%|0px||0px|false|false&#8221; inline_fonts=&#8221;Calendas Plus Italic&#8221; global_colors_info=&#8221;{}&#8221;]<\/p>\n<h1 style=\"text-align: center;\">People<br \/><span style=\"font-family: 'Calendas Plus Italic';\">living landscapes<\/span><\/h1>\n<p>[\/et_pb_text][\/et_pb_column][et_pb_column type=&#8221;1_3&#8243; _builder_version=&#8221;4.16&#8243; _module_preset=&#8221;default&#8221; custom_css_main_element=&#8221;width:25% !important;&#8221; global_colors_info=&#8221;{}&#8221; custom_css_main_element_last_edited=&#8221;on|tablet&#8221; custom_css_main_element_tablet=&#8221; &#8221; custom_css_main_element_phone=&#8221; &#8220;][\/et_pb_column][\/et_pb_row][et_pb_row column_structure=&#8221;1_3,1_3,1_3&#8243; use_custom_gutter=&#8221;on&#8221; gutter_width=&#8221;1&#8243; make_equal=&#8221;on&#8221; _builder_version=&#8221;4.16&#8243; _module_preset=&#8221;default&#8221; width=&#8221;100%&#8221; max_width=&#8221;100%&#8221; custom_padding=&#8221;||||false|false&#8221; global_colors_info=&#8221;{}&#8221;][et_pb_column type=&#8221;1_3&#8243; _builder_version=&#8221;4.16&#8243; _module_preset=&#8221;default&#8221; custom_css_main_element=&#8221;width:25% !important;&#8221; global_colors_info=&#8221;{}&#8221; custom_css_main_element_last_edited=&#8221;on|desktop&#8221; custom_css_main_element_tablet=&#8221; &#8221; custom_css_main_element_phone=&#8221; &#8220;][\/et_pb_column][et_pb_column type=&#8221;1_3&#8243; _builder_version=&#8221;4.16&#8243; _module_preset=&#8221;default&#8221; custom_css_main_element=&#8221;width:50% !important;&#8221; global_colors_info=&#8221;{}&#8221; custom_css_main_element_last_edited=&#8221;on|phone&#8221; custom_css_main_element_tablet=&#8221; &#8221; custom_css_main_element_phone=&#8221; &#8220;][et_pb_text _builder_version=&#8221;4.16&#8243; _module_preset=&#8221;default&#8221; text_font=&#8221;Montserrat||||||||&#8221; text_orientation=&#8221;center&#8221; custom_padding=&#8221;5%||||false|false&#8221; global_colors_info=&#8221;{}&#8221;]<\/p>\n<p style=\"text-align: justify;\">One of the values that we always put first and that sustains our project, are the people who are part of it. Without them, Barbadillo en Singular would make no sense.<\/p>\n<p>[\/et_pb_text][et_pb_image src=&#8221;https:\/\/barbadilloensingular.com\/wp-content\/uploads\/2023\/08\/laspersonas1.png&#8221; alt=&#8221;adolfo serra pajaros&#8221; title_text=&#8221;laspersonas1&#8243; align=&#8221;center&#8221; _builder_version=&#8221;4.22.0&#8243; _module_preset=&#8221;default&#8221; custom_padding=&#8221;10%||||false|false&#8221; global_colors_info=&#8221;{}&#8221;][\/et_pb_image][et_pb_text _builder_version=&#8221;4.16&#8243; _module_preset=&#8221;default&#8221; text_font=&#8221;Montserrat||||||||&#8221; text_orientation=&#8221;center&#8221; custom_padding=&#8221;5%||25px||false|false&#8221; global_colors_info=&#8221;{}&#8221;]<\/p>\n<p style=\"text-align: center;\">Each person plays a fundamental role in defining a way of doing, a way of being and belonging, and together they allow us to bring our wines to your homes in the way we want: respecting the land, listening to the voice of experience and maintaining the organic rhythm of nature<\/p>\n<p>[\/et_pb_text][et_pb_text _builder_version=&#8221;4.16&#8243; _module_preset=&#8221;default&#8221; text_font=&#8221;Montserrat||||||||&#8221; text_orientation=&#8221;center&#8221; custom_padding=&#8221;5%||25px||false|false&#8221; global_colors_info=&#8221;{}&#8221;]<\/p>\n<p style=\"text-align: center;\">La finca de los Monge, ubicada en El Pago de la Balba\u00edna, reconocido como una de las mejores zonas vitivin\u00edcolas del Marco de Jerez, se sit\u00faa en un paisaje de relieve alomado con suaves pendientes en un terreno de tierras albarizas de color blanquecino<\/p>\n<p>[\/et_pb_text][et_pb_image src=&#8221;https:\/\/barbadilloensingular.com\/wp-content\/uploads\/2023\/08\/laspersonas2.png&#8221; alt=&#8221;adolfo serra pajaros&#8221; title_text=&#8221;laspersonas2&#8243; align=&#8221;center&#8221; _builder_version=&#8221;4.22.0&#8243; _module_preset=&#8221;default&#8221; custom_padding=&#8221;10%||||false|false&#8221; global_colors_info=&#8221;{}&#8221;][\/et_pb_image][et_pb_text _builder_version=&#8221;4.22.0&#8243; _module_preset=&#8221;default&#8221; text_font=&#8221;Montserrat||||||||&#8221; text_orientation=&#8221;center&#8221; custom_padding=&#8221;5%||25px||false|false&#8221; global_colors_info=&#8221;{}&#8221;]<\/p>\n<p>Gazing into the distance where the vines grow, you can see how the horizon merges with the sea. This living, nuanced landscape nurtures the soil that shapes each of our wines.<\/p>\n<p>[\/et_pb_text][\/et_pb_column][et_pb_column type=&#8221;1_3&#8243; _builder_version=&#8221;4.16&#8243; _module_preset=&#8221;default&#8221; custom_css_main_element=&#8221;width:25% !important;&#8221; global_colors_info=&#8221;{}&#8221; custom_css_main_element_last_edited=&#8221;on|tablet&#8221; custom_css_main_element_tablet=&#8221; &#8221; custom_css_main_element_phone=&#8221; &#8220;][\/et_pb_column][\/et_pb_row][et_pb_row column_structure=&#8221;1_2,1_2&#8243; _builder_version=&#8221;4.20.2&#8243; _module_preset=&#8221;default&#8221; global_colors_info=&#8221;{}&#8221;][et_pb_column type=&#8221;1_2&#8243; _builder_version=&#8221;4.20.2&#8243; _module_preset=&#8221;default&#8221; global_colors_info=&#8221;{}&#8221;][et_pb_image src=&#8221;https:\/\/barbadilloensingular.com\/wp-content\/uploads\/2023\/08\/laspersonas3.png&#8221; title_text=&#8221;laspersonas3&#8243; _builder_version=&#8221;4.22.0&#8243; _module_preset=&#8221;default&#8221; global_colors_info=&#8221;{}&#8221;][\/et_pb_image][\/et_pb_column][et_pb_column type=&#8221;1_2&#8243; _builder_version=&#8221;4.20.2&#8243; _module_preset=&#8221;default&#8221; global_colors_info=&#8221;{}&#8221;][et_pb_image src=&#8221;https:\/\/barbadilloensingular.com\/wp-content\/uploads\/2023\/08\/laspersonas4.png&#8221; title_text=&#8221;laspersonas4&#8243; _builder_version=&#8221;4.22.0&#8243; _module_preset=&#8221;default&#8221; global_colors_info=&#8221;{}&#8221;][\/et_pb_image][\/et_pb_column][\/et_pb_row][et_pb_row column_structure=&#8221;1_2,1_2&#8243; _builder_version=&#8221;4.20.2&#8243; _module_preset=&#8221;default&#8221; global_colors_info=&#8221;{}&#8221;][et_pb_column type=&#8221;1_2&#8243; _builder_version=&#8221;4.20.2&#8243; _module_preset=&#8221;default&#8221; global_colors_info=&#8221;{}&#8221;][et_pb_image src=&#8221;https:\/\/barbadilloensingular.com\/wp-content\/uploads\/2023\/08\/laspersonas5.png&#8221; title_text=&#8221;laspersonas5&#8243; align=&#8221;center&#8221; _builder_version=&#8221;4.22.0&#8243; _module_preset=&#8221;default&#8221; global_colors_info=&#8221;{}&#8221;][\/et_pb_image][\/et_pb_column][et_pb_column type=&#8221;1_2&#8243; _builder_version=&#8221;4.20.2&#8243; _module_preset=&#8221;default&#8221; global_colors_info=&#8221;{}&#8221;][et_pb_image src=&#8221;https:\/\/barbadilloensingular.com\/wp-content\/uploads\/2023\/08\/laspersonas6.png&#8221; title_text=&#8221;laspersonas6&#8243; align=&#8221;center&#8221; _builder_version=&#8221;4.22.0&#8243; _module_preset=&#8221;default&#8221; global_colors_info=&#8221;{}&#8221;][\/et_pb_image][\/et_pb_column][\/et_pb_row][\/et_pb_section]<\/p>\n","protected":false},"excerpt":{"rendered":"<p>Peopleliving landscapesOne of the values that we always put first and that sustains our project, are the people who are part of it. Without them, Barbadillo en Singular would make no sense.Each person plays a fundamental role in defining a way of doing, a way of being and belonging, and together they allow us to [&hellip;]<\/p>\n","protected":false},"author":1,"featured_media":3207,"parent":257,"menu_order":0,"comment_status":"closed","ping_status":"closed","template":"","meta":{"_et_pb_use_builder":"on","_et_pb_old_content":"","_et_gb_content_width":"","footnotes":""},"class_list":["post-3203","page","type-page","status-publish","has-post-thumbnail","hentry"],"yoast_head":"<!-- This site is optimized with the Yoast SEO plugin v27.4 - https:\/\/yoast.com\/product\/yoast-seo-wordpress\/ -->\n<title>People: Living Landscapes &#8212; Barbadillo in singular<\/title>\n<meta name=\"description\" content=\"A few days ago, we had the chance to visit our friends at Estero Natural.The project focuses on traditional production systems, with the emphasis on the traditional method of fish and oyster farming in the local salt marsh People: Living Landscapes One of the values that we always put first and that sustains our project, are the people who are part of it. Without them, Barbadillo en Singular would make no sense.lagoons.\" \/>\n<meta name=\"robots\" content=\"index, follow, max-snippet:-1, max-image-preview:large, max-video-preview:-1\" \/>\n<link rel=\"canonical\" href=\"https:\/\/barbadilloensingular.com\/en\/bond-barbadillo\/people\/\" \/>\n<meta property=\"og:locale\" content=\"en_GB\" \/>\n<meta property=\"og:type\" content=\"article\" \/>\n<meta property=\"og:title\" content=\"People: Living Landscapes &#8212; Barbadillo in singular\" \/>\n<meta property=\"og:description\" content=\"A few days ago, we had the chance to visit our friends at Estero Natural.The project focuses on traditional production systems, with the emphasis on the traditional method of fish and oyster farming in the local salt marsh People: Living Landscapes One of the values that we always put first and that sustains our project, are the people who are part of it. Without them, Barbadillo en Singular would make no sense.lagoons.\" \/>\n<meta property=\"og:url\" content=\"https:\/\/barbadilloensingular.com\/en\/bond-barbadillo\/people\/\" \/>\n<meta property=\"og:site_name\" content=\"Barbadillo in singular\" \/>\n<meta property=\"og:image\" content=\"https:\/\/barbadilloensingular.com\/en\/wp-content\/uploads\/sites\/14\/2023\/08\/laspersonas1.png\" \/>\n\t<meta property=\"og:image:width\" content=\"562\" \/>\n\t<meta property=\"og:image:height\" content=\"376\" \/>\n\t<meta property=\"og:image:type\" content=\"image\/png\" \/>\n<meta name=\"twitter:card\" content=\"summary_large_image\" \/>\n<meta name=\"twitter:label1\" content=\"Estimated reading time\" \/>\n\t<meta name=\"twitter:data1\" content=\"3 minutes\" \/>\n<script type=\"application\/ld+json\" class=\"yoast-schema-graph\">{\"@context\":\"https:\\\/\\\/schema.org\",\"@graph\":[{\"@type\":\"WebPage\",\"@id\":\"https:\\\/\\\/barbadilloensingular.com\\\/en\\\/bond-barbadillo\\\/people\\\/\",\"url\":\"https:\\\/\\\/barbadilloensingular.com\\\/en\\\/bond-barbadillo\\\/people\\\/\",\"name\":\"People: Living Landscapes &#8212; Barbadillo in singular\",\"isPartOf\":{\"@id\":\"https:\\\/\\\/barbadilloensingular.com\\\/en\\\/#website\"},\"primaryImageOfPage\":{\"@id\":\"https:\\\/\\\/barbadilloensingular.com\\\/en\\\/bond-barbadillo\\\/people\\\/#primaryimage\"},\"image\":{\"@id\":\"https:\\\/\\\/barbadilloensingular.com\\\/en\\\/bond-barbadillo\\\/people\\\/#primaryimage\"},\"thumbnailUrl\":\"https:\\\/\\\/barbadilloensingular.com\\\/en\\\/wp-content\\\/uploads\\\/sites\\\/14\\\/2023\\\/08\\\/laspersonas1.png\",\"datePublished\":\"2023-08-18T10:06:58+00:00\",\"description\":\"A few days ago, we had the chance to visit our friends at Estero Natural.The project focuses on traditional production systems, with the emphasis on the traditional method of fish and oyster farming in the local salt marsh People: Living Landscapes One of the values that we always put first and that sustains our project, are the people who are part of it. Without them, Barbadillo en Singular would make no sense.lagoons.\",\"breadcrumb\":{\"@id\":\"https:\\\/\\\/barbadilloensingular.com\\\/en\\\/bond-barbadillo\\\/people\\\/#breadcrumb\"},\"inLanguage\":\"en-GB\",\"potentialAction\":[{\"@type\":\"ReadAction\",\"target\":[\"https:\\\/\\\/barbadilloensingular.com\\\/en\\\/bond-barbadillo\\\/people\\\/\"]}]},{\"@type\":\"ImageObject\",\"inLanguage\":\"en-GB\",\"@id\":\"https:\\\/\\\/barbadilloensingular.com\\\/en\\\/bond-barbadillo\\\/people\\\/#primaryimage\",\"url\":\"https:\\\/\\\/barbadilloensingular.com\\\/en\\\/wp-content\\\/uploads\\\/sites\\\/14\\\/2023\\\/08\\\/laspersonas1.png\",\"contentUrl\":\"https:\\\/\\\/barbadilloensingular.com\\\/en\\\/wp-content\\\/uploads\\\/sites\\\/14\\\/2023\\\/08\\\/laspersonas1.png\",\"width\":562,\"height\":376},{\"@type\":\"BreadcrumbList\",\"@id\":\"https:\\\/\\\/barbadilloensingular.com\\\/en\\\/bond-barbadillo\\\/people\\\/#breadcrumb\",\"itemListElement\":[{\"@type\":\"ListItem\",\"position\":1,\"name\":\"Portada\",\"item\":\"https:\\\/\\\/barbadilloensingular.com\\\/en\\\/\"},{\"@type\":\"ListItem\",\"position\":2,\"name\":\"BOND\",\"item\":\"https:\\\/\\\/barbadilloensingular.com\\\/en\\\/bond-barbadillo\\\/\"},{\"@type\":\"ListItem\",\"position\":3,\"name\":\"People: Living Landscapes\"}]},{\"@type\":\"WebSite\",\"@id\":\"https:\\\/\\\/barbadilloensingular.com\\\/en\\\/#website\",\"url\":\"https:\\\/\\\/barbadilloensingular.com\\\/en\\\/\",\"name\":\"Barbadillo en singular\",\"description\":\"\",\"publisher\":{\"@id\":\"https:\\\/\\\/barbadilloensingular.com\\\/en\\\/#organization\"},\"potentialAction\":[{\"@type\":\"SearchAction\",\"target\":{\"@type\":\"EntryPoint\",\"urlTemplate\":\"https:\\\/\\\/barbadilloensingular.com\\\/en\\\/?s={search_term_string}\"},\"query-input\":{\"@type\":\"PropertyValueSpecification\",\"valueRequired\":true,\"valueName\":\"search_term_string\"}}],\"inLanguage\":\"en-GB\"},{\"@type\":\"Organization\",\"@id\":\"https:\\\/\\\/barbadilloensingular.com\\\/en\\\/#organization\",\"name\":\"Bodegas Barbadillo SL\",\"url\":\"https:\\\/\\\/barbadilloensingular.com\\\/en\\\/\",\"logo\":{\"@type\":\"ImageObject\",\"inLanguage\":\"en-GB\",\"@id\":\"https:\\\/\\\/barbadilloensingular.com\\\/en\\\/#\\\/schema\\\/logo\\\/image\\\/\",\"url\":\"https:\\\/\\\/barbadilloensingular.com\\\/en\\\/wp-content\\\/uploads\\\/sites\\\/14\\\/2021\\\/04\\\/BARBADILLO_EN_SINGULAR_grisoscuro.jpg\",\"contentUrl\":\"https:\\\/\\\/barbadilloensingular.com\\\/en\\\/wp-content\\\/uploads\\\/sites\\\/14\\\/2021\\\/04\\\/BARBADILLO_EN_SINGULAR_grisoscuro.jpg\",\"width\":193,\"height\":140,\"caption\":\"Bodegas Barbadillo SL\"},\"image\":{\"@id\":\"https:\\\/\\\/barbadilloensingular.com\\\/en\\\/#\\\/schema\\\/logo\\\/image\\\/\"},\"sameAs\":[\"https:\\\/\\\/www.instagram.com\\\/barbadilloensingular\\\/\"]}]}<\/script>\n<!-- \/ Yoast SEO plugin. -->","yoast_head_json":{"title":"People: Living Landscapes &#8212; Barbadillo in singular","description":"A few days ago, we had the chance to visit our friends at Estero Natural.The project focuses on traditional production systems, with the emphasis on the traditional method of fish and oyster farming in the local salt marsh People: Living Landscapes One of the values that we always put first and that sustains our project, are the people who are part of it. Without them, Barbadillo en Singular would make no sense.lagoons.","robots":{"index":"index","follow":"follow","max-snippet":"max-snippet:-1","max-image-preview":"max-image-preview:large","max-video-preview":"max-video-preview:-1"},"canonical":"https:\/\/barbadilloensingular.com\/en\/bond-barbadillo\/people\/","og_locale":"en_GB","og_type":"article","og_title":"People: Living Landscapes &#8212; Barbadillo in singular","og_description":"A few days ago, we had the chance to visit our friends at Estero Natural.The project focuses on traditional production systems, with the emphasis on the traditional method of fish and oyster farming in the local salt marsh People: Living Landscapes One of the values that we always put first and that sustains our project, are the people who are part of it. Without them, Barbadillo en Singular would make no sense.lagoons.","og_url":"https:\/\/barbadilloensingular.com\/en\/bond-barbadillo\/people\/","og_site_name":"Barbadillo in singular","og_image":[{"width":562,"height":376,"url":"https:\/\/barbadilloensingular.com\/en\/wp-content\/uploads\/sites\/14\/2023\/08\/laspersonas1.png","type":"image\/png"}],"twitter_card":"summary_large_image","twitter_misc":{"Estimated reading time":"3 minutes"},"schema":{"@context":"https:\/\/schema.org","@graph":[{"@type":"WebPage","@id":"https:\/\/barbadilloensingular.com\/en\/bond-barbadillo\/people\/","url":"https:\/\/barbadilloensingular.com\/en\/bond-barbadillo\/people\/","name":"People: Living Landscapes &#8212; Barbadillo in singular","isPartOf":{"@id":"https:\/\/barbadilloensingular.com\/en\/#website"},"primaryImageOfPage":{"@id":"https:\/\/barbadilloensingular.com\/en\/bond-barbadillo\/people\/#primaryimage"},"image":{"@id":"https:\/\/barbadilloensingular.com\/en\/bond-barbadillo\/people\/#primaryimage"},"thumbnailUrl":"https:\/\/barbadilloensingular.com\/en\/wp-content\/uploads\/sites\/14\/2023\/08\/laspersonas1.png","datePublished":"2023-08-18T10:06:58+00:00","description":"A few days ago, we had the chance to visit our friends at Estero Natural.The project focuses on traditional production systems, with the emphasis on the traditional method of fish and oyster farming in the local salt marsh People: Living Landscapes One of the values that we always put first and that sustains our project, are the people who are part of it. Without them, Barbadillo en Singular would make no sense.lagoons.","breadcrumb":{"@id":"https:\/\/barbadilloensingular.com\/en\/bond-barbadillo\/people\/#breadcrumb"},"inLanguage":"en-GB","potentialAction":[{"@type":"ReadAction","target":["https:\/\/barbadilloensingular.com\/en\/bond-barbadillo\/people\/"]}]},{"@type":"ImageObject","inLanguage":"en-GB","@id":"https:\/\/barbadilloensingular.com\/en\/bond-barbadillo\/people\/#primaryimage","url":"https:\/\/barbadilloensingular.com\/en\/wp-content\/uploads\/sites\/14\/2023\/08\/laspersonas1.png","contentUrl":"https:\/\/barbadilloensingular.com\/en\/wp-content\/uploads\/sites\/14\/2023\/08\/laspersonas1.png","width":562,"height":376},{"@type":"BreadcrumbList","@id":"https:\/\/barbadilloensingular.com\/en\/bond-barbadillo\/people\/#breadcrumb","itemListElement":[{"@type":"ListItem","position":1,"name":"Portada","item":"https:\/\/barbadilloensingular.com\/en\/"},{"@type":"ListItem","position":2,"name":"BOND","item":"https:\/\/barbadilloensingular.com\/en\/bond-barbadillo\/"},{"@type":"ListItem","position":3,"name":"People: Living Landscapes"}]},{"@type":"WebSite","@id":"https:\/\/barbadilloensingular.com\/en\/#website","url":"https:\/\/barbadilloensingular.com\/en\/","name":"Barbadillo en singular","description":"","publisher":{"@id":"https:\/\/barbadilloensingular.com\/en\/#organization"},"potentialAction":[{"@type":"SearchAction","target":{"@type":"EntryPoint","urlTemplate":"https:\/\/barbadilloensingular.com\/en\/?s={search_term_string}"},"query-input":{"@type":"PropertyValueSpecification","valueRequired":true,"valueName":"search_term_string"}}],"inLanguage":"en-GB"},{"@type":"Organization","@id":"https:\/\/barbadilloensingular.com\/en\/#organization","name":"Bodegas Barbadillo SL","url":"https:\/\/barbadilloensingular.com\/en\/","logo":{"@type":"ImageObject","inLanguage":"en-GB","@id":"https:\/\/barbadilloensingular.com\/en\/#\/schema\/logo\/image\/","url":"https:\/\/barbadilloensingular.com\/en\/wp-content\/uploads\/sites\/14\/2021\/04\/BARBADILLO_EN_SINGULAR_grisoscuro.jpg","contentUrl":"https:\/\/barbadilloensingular.com\/en\/wp-content\/uploads\/sites\/14\/2021\/04\/BARBADILLO_EN_SINGULAR_grisoscuro.jpg","width":193,"height":140,"caption":"Bodegas Barbadillo SL"},"image":{"@id":"https:\/\/barbadilloensingular.com\/en\/#\/schema\/logo\/image\/"},"sameAs":["https:\/\/www.instagram.com\/barbadilloensingular\/"]}]}},"_links":{"self":[{"href":"https:\/\/barbadilloensingular.com\/en\/wp-json\/wp\/v2\/pages\/3203","targetHints":{"allow":["GET"]}}],"collection":[{"href":"https:\/\/barbadilloensingular.com\/en\/wp-json\/wp\/v2\/pages"}],"about":[{"href":"https:\/\/barbadilloensingular.com\/en\/wp-json\/wp\/v2\/types\/page"}],"author":[{"embeddable":true,"href":"https:\/\/barbadilloensingular.com\/en\/wp-json\/wp\/v2\/users\/1"}],"replies":[{"embeddable":true,"href":"https:\/\/barbadilloensingular.com\/en\/wp-json\/wp\/v2\/comments?post=3203"}],"version-history":[{"count":3,"href":"https:\/\/barbadilloensingular.com\/en\/wp-json\/wp\/v2\/pages\/3203\/revisions"}],"predecessor-version":[{"id":3213,"href":"https:\/\/barbadilloensingular.com\/en\/wp-json\/wp\/v2\/pages\/3203\/revisions\/3213"}],"up":[{"embeddable":true,"href":"https:\/\/barbadilloensingular.com\/en\/wp-json\/wp\/v2\/pages\/257"}],"wp:featuredmedia":[{"embeddable":true,"href":"https:\/\/barbadilloensingular.com\/en\/wp-json\/wp\/v2\/media\/3207"}],"wp:attachment":[{"href":"https:\/\/barbadilloensingular.com\/en\/wp-json\/wp\/v2\/media?parent=3203"}],"curies":[{"name":"wp","href":"https:\/\/api.w.org\/{rel}","templated":true}]}}