{"id":2723,"date":"2021-07-07T09:51:35","date_gmt":"2021-07-07T07:51:35","guid":{"rendered":"https:\/\/barbadilloensingular.com\/en\/?page_id=2723"},"modified":"2023-01-31T14:43:00","modified_gmt":"2023-01-31T13:43:00","slug":"montse-marmol","status":"publish","type":"page","link":"https:\/\/barbadilloensingular.com\/en\/bond-barbadillo\/montse-marmol\/","title":{"rendered":"MONTSE MARMOL"},"content":{"rendered":"\n[et_pb_section fb_built=&#8221;1&#8243; _builder_version=&#8221;4.16&#8243; _module_preset=&#8221;default&#8221; custom_padding=&#8221;|8%||8%|false|true&#8221; da_disable_devices=&#8221;off|off|off&#8221; global_colors_info=&#8221;{}&#8221; theme_builder_area=&#8221;post_content&#8221; da_is_popup=&#8221;off&#8221; da_exit_intent=&#8221;off&#8221; da_has_close=&#8221;on&#8221; da_alt_close=&#8221;off&#8221; da_dark_close=&#8221;off&#8221; da_not_modal=&#8221;on&#8221; da_is_singular=&#8221;off&#8221; da_with_loader=&#8221;off&#8221; da_has_shadow=&#8221;on&#8221;][et_pb_row column_structure=&#8221;1_3,1_3,1_3&#8243; use_custom_gutter=&#8221;on&#8221; gutter_width=&#8221;1&#8243; make_equal=&#8221;on&#8221; _builder_version=&#8221;4.16&#8243; _module_preset=&#8221;default&#8221; width=&#8221;100%&#8221; max_width=&#8221;100%&#8221; custom_padding=&#8221;9.7%||||false|false&#8221; global_colors_info=&#8221;{}&#8221; theme_builder_area=&#8221;post_content&#8221;][et_pb_column type=&#8221;1_3&#8243; _builder_version=&#8221;4.16&#8243; _module_preset=&#8221;default&#8221; custom_css_main_element=&#8221;width:25% !important;&#8221; global_colors_info=&#8221;{}&#8221; custom_css_main_element_last_edited=&#8221;on|desktop&#8221; custom_css_main_element_tablet=&#8221; &#8221; custom_css_main_element_phone=&#8221; &#8221; theme_builder_area=&#8221;post_content&#8221;][\/et_pb_column][et_pb_column type=&#8221;1_3&#8243; _builder_version=&#8221;4.16&#8243; _module_preset=&#8221;default&#8221; custom_css_main_element=&#8221;width:50% !important;&#8221; global_colors_info=&#8221;{}&#8221; custom_css_main_element_last_edited=&#8221;on|phone&#8221; custom_css_main_element_tablet=&#8221; &#8221; custom_css_main_element_phone=&#8221; &#8221; theme_builder_area=&#8221;post_content&#8221;][et_pb_text content_tablet=&#8221;&#8221; content_phone=&#8221;&#8221; content_last_edited=&#8221;on|phone&#8221; _builder_version=&#8221;4.16&#8243; _module_preset=&#8221;default&#8221; header_font=&#8221;Calendas Plus||||||||&#8221; header_font_size=&#8221;60px&#8221; header_font_size_tablet=&#8221;&#8221; header_font_size_phone=&#8221;30px&#8221; header_font_size_last_edited=&#8221;on|phone&#8221; inline_fonts=&#8221;Calendas Plus Italic&#8221; global_colors_info=&#8221;{}&#8221; theme_builder_area=&#8221;post_content&#8221;]<h1 style=\"text-align: center;\">Montse M\u00e1rmol<\/h1>\n<h1 style=\"text-align: center;\"><span style=\"font-family: 'Calendas Plus Italic';\">A dialogue between memory and land<\/span><\/h1>[\/et_pb_text][et_pb_text _builder_version=&#8221;4.16&#8243; _module_preset=&#8221;default&#8221; text_font=&#8221;Montserrat||||||||&#8221; text_orientation=&#8221;center&#8221; custom_padding=&#8221;5%||||false|false&#8221; global_colors_info=&#8221;{}&#8221; theme_builder_area=&#8221;post_content&#8221;]<p>Montse M\u00e1rmol is a visual artist based in Barcelona. Her work explores land and its relationship to memory, the connections we establish between each other as inhabitants of the same space in specific scenarios.<\/p>\n<p>Montse has been collaborating with Barbadillo en Singular since its beginnings, contributing her creative vision and expanding the margins of our project.<\/p>\n<p><span><\/span><\/p>[\/et_pb_text][et_pb_image src=&#8221;https:\/\/barbadilloensingular.com\/en\/wp-content\/uploads\/sites\/14\/2023\/01\/tamarix1.png&#8221; title_text=&#8221;tamarix1&#8243; align=&#8221;center&#8221; _builder_version=&#8221;4.19.5&#8243; _module_preset=&#8221;default&#8221; custom_padding=&#8221;5%||||false|false&#8221; global_colors_info=&#8221;{}&#8221; theme_builder_area=&#8221;post_content&#8221;][\/et_pb_image][et_pb_text _builder_version=&#8221;4.16&#8243; _module_preset=&#8221;default&#8221; text_font=&#8221;Montserrat||||||||&#8221; text_orientation=&#8221;center&#8221; custom_padding=&#8221;5%||||false|false&#8221; global_colors_info=&#8221;{}&#8221; theme_builder_area=&#8221;post_content&#8221;]<p>Para la creaci\u00f3n de la imagen de este nuevo vino tan especial, que nos lleva de vuelta al<br \/>origen, a lo natural, ya que se elabora recuperando un hacer y una t\u00e9cnica muy antigua,<br \/>hemos querido contar con ella y su sensibilidad por las t\u00e9cnicas fotogr\u00e1ficas antiguas.<\/p>\n<p>\u201cDespu\u00e9s de documentarme sobre el proceso natural que utiliz\u00e1is para elaborar el vino,<br \/>me pareci\u00f3 que la cianotipia era la t\u00e9cnica que deb\u00edamos usar para la creaci\u00f3n de la<br \/>etiqueta. Tomando como referencia el trabajo de Anna Atkins, bot\u00e1nica y considerada la<br \/>primera mujer fot\u00f3grafa que aplic\u00f3 esta t\u00e9cnica antigua en uno de sus proyectos,<br \/>empec\u00e9 a trabajar con la planta y a experimentar con la cianotipia\u201d<\/p>\n<p><span><\/span><\/p>[\/et_pb_text][et_pb_image src=&#8221;https:\/\/barbadilloensingular.com\/en\/wp-content\/uploads\/sites\/14\/2023\/01\/tamarix5.png&#8221; title_text=&#8221;tamarix5&#8243; align=&#8221;center&#8221; _builder_version=&#8221;4.19.5&#8243; _module_preset=&#8221;default&#8221; global_colors_info=&#8221;{}&#8221; theme_builder_area=&#8221;post_content&#8221;][\/et_pb_image][et_pb_text _builder_version=&#8221;4.16&#8243; _module_preset=&#8221;default&#8221; text_font=&#8221;Montserrat||||||||&#8221; text_orientation=&#8221;center&#8221; custom_padding=&#8221;5%||||false|false&#8221; global_colors_info=&#8221;{}&#8221; theme_builder_area=&#8221;post_content&#8221;]<p>As\u00ed nace Tamarix. nuestro orange wine o vino naranja.<\/p>\n<p>Toma el nombre de una planta que comparte los valores de sostenibilidad y adaptaci\u00f3n<br \/>al medio sin da\u00f1arlo, por los que trabajamos cada d\u00eda en la elaboraci\u00f3n de nuestros vinos y vinagres.<\/p>\n<p>Es una planta que sirve para fijar dunas y ayuda a estabilizar suelos arenosos. Crece feliz<br \/>en la costa de C\u00e1diz, en un entorno salino y h\u00famedo, cerca del mar, gracias a su resistencia salina.<\/p>\n<p>De ramas finas con un follaje gris verdoso, sus flores van del rosado al blanco y tienen la<br \/>capacidad de producir miles y diminutas simientes, que se encuentran en una peque\u00f1a<br \/>c\u00e1psula adornada a menudo con un penacho con pelos, que son de gran ayuda con<br \/>respecto a la dispersi\u00f3n anem\u00f3fila, es decir, aseguran su polinizaci\u00f3n por medio del viento.<\/p>\n<p><span><\/span><\/p>[\/et_pb_text][\/et_pb_column][et_pb_column type=&#8221;1_3&#8243; _builder_version=&#8221;4.16&#8243; _module_preset=&#8221;default&#8221; custom_css_main_element=&#8221;width:25% !important;&#8221; global_colors_info=&#8221;{}&#8221; custom_css_main_element_last_edited=&#8221;on|tablet&#8221; custom_css_main_element_tablet=&#8221; &#8221; custom_css_main_element_phone=&#8221; &#8221; theme_builder_area=&#8221;post_content&#8221;][\/et_pb_column][\/et_pb_row][et_pb_row column_structure=&#8221;1_2,1_2&#8243; _builder_version=&#8221;4.19.5&#8243; _module_preset=&#8221;default&#8221; global_colors_info=&#8221;{}&#8221; theme_builder_area=&#8221;post_content&#8221;][et_pb_column type=&#8221;1_2&#8243; _builder_version=&#8221;4.19.5&#8243; _module_preset=&#8221;default&#8221; global_colors_info=&#8221;{}&#8221; theme_builder_area=&#8221;post_content&#8221;][et_pb_image src=&#8221;https:\/\/barbadilloensingular.com\/en\/wp-content\/uploads\/sites\/14\/2023\/01\/tamarix6.png&#8221; title_text=&#8221;tamarix6&#8243; align=&#8221;center&#8221; _builder_version=&#8221;4.19.5&#8243; _module_preset=&#8221;default&#8221; global_colors_info=&#8221;{}&#8221; theme_builder_area=&#8221;post_content&#8221;][\/et_pb_image][\/et_pb_column][et_pb_column type=&#8221;1_2&#8243; _builder_version=&#8221;4.19.5&#8243; _module_preset=&#8221;default&#8221; global_colors_info=&#8221;{}&#8221; theme_builder_area=&#8221;post_content&#8221;][et_pb_image src=&#8221;https:\/\/barbadilloensingular.com\/en\/wp-content\/uploads\/sites\/14\/2023\/01\/tamarix7.png&#8221; title_text=&#8221;tamarix7&#8243; align=&#8221;center&#8221; _builder_version=&#8221;4.19.5&#8243; _module_preset=&#8221;default&#8221; global_colors_info=&#8221;{}&#8221; theme_builder_area=&#8221;post_content&#8221;][\/et_pb_image][\/et_pb_column][\/et_pb_row][et_pb_row column_structure=&#8221;1_2,1_2&#8243; _builder_version=&#8221;4.19.5&#8243; _module_preset=&#8221;default&#8221; global_colors_info=&#8221;{}&#8221; theme_builder_area=&#8221;post_content&#8221;][et_pb_column type=&#8221;1_2&#8243; _builder_version=&#8221;4.19.5&#8243; _module_preset=&#8221;default&#8221; global_colors_info=&#8221;{}&#8221; theme_builder_area=&#8221;post_content&#8221;][et_pb_image src=&#8221;https:\/\/barbadilloensingular.com\/en\/wp-content\/uploads\/sites\/14\/2023\/01\/tamarix8.png&#8221; title_text=&#8221;tamarix8&#8243; align=&#8221;center&#8221; _builder_version=&#8221;4.19.5&#8243; _module_preset=&#8221;default&#8221; global_colors_info=&#8221;{}&#8221; theme_builder_area=&#8221;post_content&#8221;][\/et_pb_image][\/et_pb_column][et_pb_column type=&#8221;1_2&#8243; _builder_version=&#8221;4.19.5&#8243; _module_preset=&#8221;default&#8221; global_colors_info=&#8221;{}&#8221; theme_builder_area=&#8221;post_content&#8221;][et_pb_image src=&#8221;https:\/\/barbadilloensingular.com\/en\/wp-content\/uploads\/sites\/14\/2023\/01\/tamarix9.png&#8221; title_text=&#8221;tamarix9&#8243; align=&#8221;center&#8221; _builder_version=&#8221;4.19.5&#8243; _module_preset=&#8221;default&#8221; global_colors_info=&#8221;{}&#8221; theme_builder_area=&#8221;post_content&#8221;][\/et_pb_image][\/et_pb_column][\/et_pb_row][et_pb_row _builder_version=&#8221;4.19.5&#8243; _module_preset=&#8221;default&#8221; global_colors_info=&#8221;{}&#8221; theme_builder_area=&#8221;post_content&#8221;][et_pb_column type=&#8221;4_4&#8243; _builder_version=&#8221;4.19.5&#8243; _module_preset=&#8221;default&#8221; global_colors_info=&#8221;{}&#8221; theme_builder_area=&#8221;post_content&#8221;][et_pb_text _builder_version=&#8221;4.16&#8243; _module_preset=&#8221;default&#8221; text_font=&#8221;Montserrat||||||||&#8221; text_orientation=&#8221;center&#8221; custom_padding=&#8221;5%||||false|false&#8221; global_colors_info=&#8221;{}&#8221; theme_builder_area=&#8221;post_content&#8221;]<p>\u201cI have always wanted to emphasise the importance of small gestures.<br \/>In your project these are present in each and every detail of what you do, both in the production process and in your care for the land. I wanted to do my bit and contribute to a way of doing things that is more in keeping with the natural rhythm of life, creating this dialogue between land and memory. This intervention involved working with natural light, with the elements that inhabit the environment in which your vines grow and giving Tamarix its own identity.&#8221;<\/p>\n<p><span><\/span><\/p>[\/et_pb_text][\/et_pb_column][\/et_pb_row][\/et_pb_section]\n","protected":false},"excerpt":{"rendered":"<p>Montse M\u00e1rmol A dialogue between memory and landMontse M\u00e1rmol is a visual artist based in Barcelona. Her work explores land and its relationship to memory, the connections we establish between each other as inhabitants of the same space in specific scenarios. Montse has been collaborating with Barbadillo en Singular since its beginnings, contributing her creative [&hellip;]<\/p>\n","protected":false},"author":1,"featured_media":3097,"parent":257,"menu_order":0,"comment_status":"closed","ping_status":"closed","template":"","meta":{"_et_pb_use_builder":"on","_et_pb_old_content":"<!-- wp:divi\/placeholder \/-->","_et_gb_content_width":"","footnotes":""},"class_list":["post-2723","page","type-page","status-publish","has-post-thumbnail","hentry"],"yoast_head":"<!-- This site is optimized with the Yoast SEO plugin v27.4 - https:\/\/yoast.com\/product\/yoast-seo-wordpress\/ -->\n<title>MONTSE MARMOL &#8212; Barbadillo in singular<\/title>\n<meta name=\"description\" content=\"Montse has been collaborating with Barbadillo en Singular since its beginnings, contributing her creative vision and expanding the margins of our project.\" \/>\n<meta name=\"robots\" content=\"index, follow, max-snippet:-1, max-image-preview:large, max-video-preview:-1\" \/>\n<link rel=\"canonical\" href=\"https:\/\/barbadilloensingular.com\/en\/bond-barbadillo\/montse-marmol\/\" \/>\n<meta property=\"og:locale\" content=\"en_GB\" \/>\n<meta property=\"og:type\" content=\"article\" \/>\n<meta property=\"og:title\" content=\"MONTSE MARMOL &#8212; Barbadillo in singular\" \/>\n<meta property=\"og:description\" content=\"Montse has been collaborating with Barbadillo en Singular since its beginnings, contributing her creative vision and expanding the margins of our project.\" \/>\n<meta property=\"og:url\" content=\"https:\/\/barbadilloensingular.com\/en\/bond-barbadillo\/montse-marmol\/\" \/>\n<meta property=\"og:site_name\" content=\"Barbadillo in singular\" \/>\n<meta property=\"article:modified_time\" content=\"2023-01-31T13:43:00+00:00\" \/>\n<meta property=\"og:image\" content=\"https:\/\/barbadilloensingular.com\/en\/wp-content\/uploads\/sites\/14\/2023\/01\/tamarix_miniatura.png\" \/>\n\t<meta property=\"og:image:width\" content=\"399\" \/>\n\t<meta property=\"og:image:height\" content=\"366\" \/>\n\t<meta property=\"og:image:type\" content=\"image\/png\" \/>\n<meta name=\"twitter:card\" content=\"summary_large_image\" \/>\n<meta name=\"twitter:label1\" content=\"Estimated reading time\" \/>\n\t<meta name=\"twitter:data1\" content=\"4 minutes\" \/>\n<script type=\"application\/ld+json\" class=\"yoast-schema-graph\">{\"@context\":\"https:\\\/\\\/schema.org\",\"@graph\":[{\"@type\":\"WebPage\",\"@id\":\"https:\\\/\\\/barbadilloensingular.com\\\/en\\\/bond-barbadillo\\\/montse-marmol\\\/\",\"url\":\"https:\\\/\\\/barbadilloensingular.com\\\/en\\\/bond-barbadillo\\\/montse-marmol\\\/\",\"name\":\"MONTSE MARMOL &#8212; Barbadillo in singular\",\"isPartOf\":{\"@id\":\"https:\\\/\\\/barbadilloensingular.com\\\/en\\\/#website\"},\"primaryImageOfPage\":{\"@id\":\"https:\\\/\\\/barbadilloensingular.com\\\/en\\\/bond-barbadillo\\\/montse-marmol\\\/#primaryimage\"},\"image\":{\"@id\":\"https:\\\/\\\/barbadilloensingular.com\\\/en\\\/bond-barbadillo\\\/montse-marmol\\\/#primaryimage\"},\"thumbnailUrl\":\"https:\\\/\\\/barbadilloensingular.com\\\/en\\\/wp-content\\\/uploads\\\/sites\\\/14\\\/2023\\\/01\\\/tamarix_miniatura.png\",\"datePublished\":\"2021-07-07T07:51:35+00:00\",\"dateModified\":\"2023-01-31T13:43:00+00:00\",\"description\":\"Montse has been collaborating with Barbadillo en Singular since its beginnings, contributing her creative vision and expanding the margins of our project.\",\"breadcrumb\":{\"@id\":\"https:\\\/\\\/barbadilloensingular.com\\\/en\\\/bond-barbadillo\\\/montse-marmol\\\/#breadcrumb\"},\"inLanguage\":\"en-GB\",\"potentialAction\":[{\"@type\":\"ReadAction\",\"target\":[\"https:\\\/\\\/barbadilloensingular.com\\\/en\\\/bond-barbadillo\\\/montse-marmol\\\/\"]}]},{\"@type\":\"ImageObject\",\"inLanguage\":\"en-GB\",\"@id\":\"https:\\\/\\\/barbadilloensingular.com\\\/en\\\/bond-barbadillo\\\/montse-marmol\\\/#primaryimage\",\"url\":\"https:\\\/\\\/barbadilloensingular.com\\\/en\\\/wp-content\\\/uploads\\\/sites\\\/14\\\/2023\\\/01\\\/tamarix_miniatura.png\",\"contentUrl\":\"https:\\\/\\\/barbadilloensingular.com\\\/en\\\/wp-content\\\/uploads\\\/sites\\\/14\\\/2023\\\/01\\\/tamarix_miniatura.png\",\"width\":399,\"height\":366},{\"@type\":\"BreadcrumbList\",\"@id\":\"https:\\\/\\\/barbadilloensingular.com\\\/en\\\/bond-barbadillo\\\/montse-marmol\\\/#breadcrumb\",\"itemListElement\":[{\"@type\":\"ListItem\",\"position\":1,\"name\":\"Portada\",\"item\":\"https:\\\/\\\/barbadilloensingular.com\\\/en\\\/\"},{\"@type\":\"ListItem\",\"position\":2,\"name\":\"BOND\",\"item\":\"https:\\\/\\\/barbadilloensingular.com\\\/en\\\/bond-barbadillo\\\/\"},{\"@type\":\"ListItem\",\"position\":3,\"name\":\"MONTSE MARMOL\"}]},{\"@type\":\"WebSite\",\"@id\":\"https:\\\/\\\/barbadilloensingular.com\\\/en\\\/#website\",\"url\":\"https:\\\/\\\/barbadilloensingular.com\\\/en\\\/\",\"name\":\"Barbadillo en singular\",\"description\":\"\",\"publisher\":{\"@id\":\"https:\\\/\\\/barbadilloensingular.com\\\/en\\\/#organization\"},\"potentialAction\":[{\"@type\":\"SearchAction\",\"target\":{\"@type\":\"EntryPoint\",\"urlTemplate\":\"https:\\\/\\\/barbadilloensingular.com\\\/en\\\/?s={search_term_string}\"},\"query-input\":{\"@type\":\"PropertyValueSpecification\",\"valueRequired\":true,\"valueName\":\"search_term_string\"}}],\"inLanguage\":\"en-GB\"},{\"@type\":\"Organization\",\"@id\":\"https:\\\/\\\/barbadilloensingular.com\\\/en\\\/#organization\",\"name\":\"Bodegas Barbadillo SL\",\"url\":\"https:\\\/\\\/barbadilloensingular.com\\\/en\\\/\",\"logo\":{\"@type\":\"ImageObject\",\"inLanguage\":\"en-GB\",\"@id\":\"https:\\\/\\\/barbadilloensingular.com\\\/en\\\/#\\\/schema\\\/logo\\\/image\\\/\",\"url\":\"https:\\\/\\\/barbadilloensingular.com\\\/en\\\/wp-content\\\/uploads\\\/sites\\\/14\\\/2021\\\/04\\\/BARBADILLO_EN_SINGULAR_grisoscuro.jpg\",\"contentUrl\":\"https:\\\/\\\/barbadilloensingular.com\\\/en\\\/wp-content\\\/uploads\\\/sites\\\/14\\\/2021\\\/04\\\/BARBADILLO_EN_SINGULAR_grisoscuro.jpg\",\"width\":193,\"height\":140,\"caption\":\"Bodegas Barbadillo SL\"},\"image\":{\"@id\":\"https:\\\/\\\/barbadilloensingular.com\\\/en\\\/#\\\/schema\\\/logo\\\/image\\\/\"},\"sameAs\":[\"https:\\\/\\\/www.instagram.com\\\/barbadilloensingular\\\/\"]}]}<\/script>\n<!-- \/ Yoast SEO plugin. -->","yoast_head_json":{"title":"MONTSE MARMOL &#8212; Barbadillo in singular","description":"Montse has been collaborating with Barbadillo en Singular since its beginnings, contributing her creative vision and expanding the margins of our project.","robots":{"index":"index","follow":"follow","max-snippet":"max-snippet:-1","max-image-preview":"max-image-preview:large","max-video-preview":"max-video-preview:-1"},"canonical":"https:\/\/barbadilloensingular.com\/en\/bond-barbadillo\/montse-marmol\/","og_locale":"en_GB","og_type":"article","og_title":"MONTSE MARMOL &#8212; Barbadillo in singular","og_description":"Montse has been collaborating with Barbadillo en Singular since its beginnings, contributing her creative vision and expanding the margins of our project.","og_url":"https:\/\/barbadilloensingular.com\/en\/bond-barbadillo\/montse-marmol\/","og_site_name":"Barbadillo in singular","article_modified_time":"2023-01-31T13:43:00+00:00","og_image":[{"width":399,"height":366,"url":"https:\/\/barbadilloensingular.com\/en\/wp-content\/uploads\/sites\/14\/2023\/01\/tamarix_miniatura.png","type":"image\/png"}],"twitter_card":"summary_large_image","twitter_misc":{"Estimated reading time":"4 minutes"},"schema":{"@context":"https:\/\/schema.org","@graph":[{"@type":"WebPage","@id":"https:\/\/barbadilloensingular.com\/en\/bond-barbadillo\/montse-marmol\/","url":"https:\/\/barbadilloensingular.com\/en\/bond-barbadillo\/montse-marmol\/","name":"MONTSE MARMOL &#8212; Barbadillo in singular","isPartOf":{"@id":"https:\/\/barbadilloensingular.com\/en\/#website"},"primaryImageOfPage":{"@id":"https:\/\/barbadilloensingular.com\/en\/bond-barbadillo\/montse-marmol\/#primaryimage"},"image":{"@id":"https:\/\/barbadilloensingular.com\/en\/bond-barbadillo\/montse-marmol\/#primaryimage"},"thumbnailUrl":"https:\/\/barbadilloensingular.com\/en\/wp-content\/uploads\/sites\/14\/2023\/01\/tamarix_miniatura.png","datePublished":"2021-07-07T07:51:35+00:00","dateModified":"2023-01-31T13:43:00+00:00","description":"Montse has been collaborating with Barbadillo en Singular since its beginnings, contributing her creative vision and expanding the margins of our project.","breadcrumb":{"@id":"https:\/\/barbadilloensingular.com\/en\/bond-barbadillo\/montse-marmol\/#breadcrumb"},"inLanguage":"en-GB","potentialAction":[{"@type":"ReadAction","target":["https:\/\/barbadilloensingular.com\/en\/bond-barbadillo\/montse-marmol\/"]}]},{"@type":"ImageObject","inLanguage":"en-GB","@id":"https:\/\/barbadilloensingular.com\/en\/bond-barbadillo\/montse-marmol\/#primaryimage","url":"https:\/\/barbadilloensingular.com\/en\/wp-content\/uploads\/sites\/14\/2023\/01\/tamarix_miniatura.png","contentUrl":"https:\/\/barbadilloensingular.com\/en\/wp-content\/uploads\/sites\/14\/2023\/01\/tamarix_miniatura.png","width":399,"height":366},{"@type":"BreadcrumbList","@id":"https:\/\/barbadilloensingular.com\/en\/bond-barbadillo\/montse-marmol\/#breadcrumb","itemListElement":[{"@type":"ListItem","position":1,"name":"Portada","item":"https:\/\/barbadilloensingular.com\/en\/"},{"@type":"ListItem","position":2,"name":"BOND","item":"https:\/\/barbadilloensingular.com\/en\/bond-barbadillo\/"},{"@type":"ListItem","position":3,"name":"MONTSE MARMOL"}]},{"@type":"WebSite","@id":"https:\/\/barbadilloensingular.com\/en\/#website","url":"https:\/\/barbadilloensingular.com\/en\/","name":"Barbadillo en singular","description":"","publisher":{"@id":"https:\/\/barbadilloensingular.com\/en\/#organization"},"potentialAction":[{"@type":"SearchAction","target":{"@type":"EntryPoint","urlTemplate":"https:\/\/barbadilloensingular.com\/en\/?s={search_term_string}"},"query-input":{"@type":"PropertyValueSpecification","valueRequired":true,"valueName":"search_term_string"}}],"inLanguage":"en-GB"},{"@type":"Organization","@id":"https:\/\/barbadilloensingular.com\/en\/#organization","name":"Bodegas Barbadillo SL","url":"https:\/\/barbadilloensingular.com\/en\/","logo":{"@type":"ImageObject","inLanguage":"en-GB","@id":"https:\/\/barbadilloensingular.com\/en\/#\/schema\/logo\/image\/","url":"https:\/\/barbadilloensingular.com\/en\/wp-content\/uploads\/sites\/14\/2021\/04\/BARBADILLO_EN_SINGULAR_grisoscuro.jpg","contentUrl":"https:\/\/barbadilloensingular.com\/en\/wp-content\/uploads\/sites\/14\/2021\/04\/BARBADILLO_EN_SINGULAR_grisoscuro.jpg","width":193,"height":140,"caption":"Bodegas Barbadillo SL"},"image":{"@id":"https:\/\/barbadilloensingular.com\/en\/#\/schema\/logo\/image\/"},"sameAs":["https:\/\/www.instagram.com\/barbadilloensingular\/"]}]}},"_links":{"self":[{"href":"https:\/\/barbadilloensingular.com\/en\/wp-json\/wp\/v2\/pages\/2723","targetHints":{"allow":["GET"]}}],"collection":[{"href":"https:\/\/barbadilloensingular.com\/en\/wp-json\/wp\/v2\/pages"}],"about":[{"href":"https:\/\/barbadilloensingular.com\/en\/wp-json\/wp\/v2\/types\/page"}],"author":[{"embeddable":true,"href":"https:\/\/barbadilloensingular.com\/en\/wp-json\/wp\/v2\/users\/1"}],"replies":[{"embeddable":true,"href":"https:\/\/barbadilloensingular.com\/en\/wp-json\/wp\/v2\/comments?post=2723"}],"version-history":[{"count":7,"href":"https:\/\/barbadilloensingular.com\/en\/wp-json\/wp\/v2\/pages\/2723\/revisions"}],"predecessor-version":[{"id":3102,"href":"https:\/\/barbadilloensingular.com\/en\/wp-json\/wp\/v2\/pages\/2723\/revisions\/3102"}],"up":[{"embeddable":true,"href":"https:\/\/barbadilloensingular.com\/en\/wp-json\/wp\/v2\/pages\/257"}],"wp:featuredmedia":[{"embeddable":true,"href":"https:\/\/barbadilloensingular.com\/en\/wp-json\/wp\/v2\/media\/3097"}],"wp:attachment":[{"href":"https:\/\/barbadilloensingular.com\/en\/wp-json\/wp\/v2\/media?parent=2723"}],"curies":[{"name":"wp","href":"https:\/\/api.w.org\/{rel}","templated":true}]}}